{"id":2,"date":"2012-05-22T15:04:24","date_gmt":"2012-05-22T13:04:24","guid":{"rendered":"http:\/\/tw.test.loop.hu\/?page_id=2"},"modified":"2024-01-27T17:06:34","modified_gmt":"2024-01-27T16:06:34","slug":"kapcsolat","status":"publish","type":"page","link":"http:\/\/transylwine.hu\/index.php\/transylwine-kft\/kapcsolat\/","title":{"rendered":"Kapcsolat"},"content":{"rendered":"<p>[vc_row][vc_column][vc_column_text]<\/p>\n<p style=\"text-align: center;\"><img loading=\"lazy\" class=\"size-medium wp-image-3312 aligncenter\" src=\"http:\/\/transylwine.hu\/wp-content\/uploads\/2022\/01\/transylwine-logo-1.png\" alt=\"\" width=\"250\" height=\"250\" srcset=\"http:\/\/transylwine.hu\/wp-content\/uploads\/2022\/01\/transylwine-logo-1.png 250w, http:\/\/transylwine.hu\/wp-content\/uploads\/2022\/01\/transylwine-logo-1-100x100.png 100w\" sizes=\"(max-width: 250px) 100vw, 250px\" \/><\/p>\n<h6 style=\"text-align: center;\">T\u00f3th Attila<br \/>\n\u2706 (+36) 30 474 0020<br \/>\n<a href=\"mailto:attila.toth@transylwine.hu\">attila.toth@transylwine.hu<\/a><\/h6>\n<h6 style=\"text-align: center;\">Transylwine Kft.<br \/>\n1063 Budapest, Kmety Gy\u00f6rgy u. 15. 3. em. 1.<br \/>\nAd\u00f3sz\u00e1m: 11747154-2-42<br \/>\nwww.transylwine.hu<\/h6>\n<p><!--:-->[\/vc_column_text][\/vc_column][\/vc_row]<\/p>\n","protected":false},"excerpt":{"rendered":"<p>[vc_row][vc_column][vc_column_text] T\u00f3th Attila \u2706 (+36) 30 474 0020 attila.toth@transylwine.hu Transylwine Kft. 1063 Budapest, Kmety Gy\u00f6rgy u. 15. 3. em. 1. Ad\u00f3sz\u00e1m: 11747154-2-42 www.transylwine.hu [\/vc_column_text][\/vc_column][\/vc_row]<\/p>\n","protected":false},"author":1,"featured_media":0,"parent":798,"menu_order":0,"comment_status":"closed","ping_status":"closed","template":"elementor_header_footer","meta":{"_monsterinsights_skip_tracking":false,"_monsterinsights_sitenote_active":false,"_monsterinsights_sitenote_note":"","_monsterinsights_sitenote_category":0},"yoast_head":"<!-- This site is optimized with the Yoast SEO plugin v17.9 - https:\/\/yoast.com\/wordpress\/plugins\/seo\/ -->\n<title>El\u00e9rhet\u0151s\u00e9gek - Transylwine Kft.<\/title>\n<meta name=\"description\" content=\"Az erd\u00e9lyi Recas pinc\u00e9szet borainak hivatalos magyarorsz\u00e1gi forgalmaz\u00f3j\u00e1t a k\u00f6vetkez\u0151 el\u00e9rhet\u0151s\u00e9geken tudja el\u00e9rni.\" \/>\n<meta name=\"robots\" content=\"index, follow, max-snippet:-1, max-image-preview:large, max-video-preview:-1\" \/>\n<link rel=\"canonical\" href=\"http:\/\/transylwine.hu\/index.php\/transylwine-kft\/kapcsolat\/\" \/>\n<meta property=\"og:locale\" content=\"hu_HU\" \/>\n<meta property=\"og:type\" content=\"article\" \/>\n<meta property=\"og:title\" content=\"El\u00e9rhet\u0151s\u00e9gek - Transylwine Kft.\" \/>\n<meta property=\"og:description\" content=\"Az erd\u00e9lyi Recas pinc\u00e9szet borainak hivatalos magyarorsz\u00e1gi forgalmaz\u00f3j\u00e1t a k\u00f6vetkez\u0151 el\u00e9rhet\u0151s\u00e9geken tudja el\u00e9rni.\" \/>\n<meta property=\"og:url\" content=\"http:\/\/transylwine.hu\/index.php\/transylwine-kft\/kapcsolat\/\" \/>\n<meta property=\"og:site_name\" content=\"Transylwine Kft.\" \/>\n<meta property=\"article:modified_time\" content=\"2024-01-27T16:06:34+00:00\" \/>\n<meta property=\"og:image\" content=\"http:\/\/transylwine.hu\/wp-content\/uploads\/2022\/01\/transylwine-logo-1.png\" \/>\n<meta name=\"twitter:label1\" content=\"Becs\u00fclt olvas\u00e1si id\u0151\" \/>\n\t<meta name=\"twitter:data1\" content=\"1 perc\" \/>\n<script type=\"application\/ld+json\" class=\"yoast-schema-graph\">{\"@context\":\"https:\/\/schema.org\",\"@graph\":[{\"@type\":\"WebSite\",\"@id\":\"http:\/\/transylwine.hu\/#website\",\"url\":\"http:\/\/transylwine.hu\/\",\"name\":\"Transylwine Kft.\",\"description\":\"Az erd\\u00e9lyi Recas borok magyarorsz\\u00e1gi forgalmaz\\u00f3ja\",\"potentialAction\":[{\"@type\":\"SearchAction\",\"target\":{\"@type\":\"EntryPoint\",\"urlTemplate\":\"http:\/\/transylwine.hu\/?s={search_term_string}\"},\"query-input\":\"required name=search_term_string\"}],\"inLanguage\":\"hu\"},{\"@type\":\"ImageObject\",\"@id\":\"http:\/\/transylwine.hu\/index.php\/transylwine-kft\/kapcsolat\/#primaryimage\",\"inLanguage\":\"hu\",\"url\":\"http:\/\/transylwine.hu\/wp-content\/uploads\/2022\/01\/transylwine-logo-1.png\",\"contentUrl\":\"http:\/\/transylwine.hu\/wp-content\/uploads\/2022\/01\/transylwine-logo-1.png\",\"width\":250,\"height\":250},{\"@type\":\"WebPage\",\"@id\":\"http:\/\/transylwine.hu\/index.php\/transylwine-kft\/kapcsolat\/#webpage\",\"url\":\"http:\/\/transylwine.hu\/index.php\/transylwine-kft\/kapcsolat\/\",\"name\":\"El\\u00e9rhet\\u0151s\\u00e9gek - Transylwine Kft.\",\"isPartOf\":{\"@id\":\"http:\/\/transylwine.hu\/#website\"},\"primaryImageOfPage\":{\"@id\":\"http:\/\/transylwine.hu\/index.php\/transylwine-kft\/kapcsolat\/#primaryimage\"},\"datePublished\":\"2012-05-22T13:04:24+00:00\",\"dateModified\":\"2024-01-27T16:06:34+00:00\",\"description\":\"Az erd\\u00e9lyi Recas pinc\\u00e9szet borainak hivatalos magyarorsz\\u00e1gi forgalmaz\\u00f3j\\u00e1t a k\\u00f6vetkez\\u0151 el\\u00e9rhet\\u0151s\\u00e9geken tudja el\\u00e9rni.\",\"breadcrumb\":{\"@id\":\"http:\/\/transylwine.hu\/index.php\/transylwine-kft\/kapcsolat\/#breadcrumb\"},\"inLanguage\":\"hu\",\"potentialAction\":[{\"@type\":\"ReadAction\",\"target\":[\"http:\/\/transylwine.hu\/index.php\/transylwine-kft\/kapcsolat\/\"]}]},{\"@type\":\"BreadcrumbList\",\"@id\":\"http:\/\/transylwine.hu\/index.php\/transylwine-kft\/kapcsolat\/#breadcrumb\",\"itemListElement\":[{\"@type\":\"ListItem\",\"position\":1,\"name\":\"Home\",\"item\":\"https:\/\/transylwine.hu\/\"},{\"@type\":\"ListItem\",\"position\":2,\"name\":\"Transylwine Kft.\",\"item\":\"https:\/\/transylwine.hu\/index.php\/transylwine-kft\/\"},{\"@type\":\"ListItem\",\"position\":3,\"name\":\"Kapcsolat\"}]}]}<\/script>\n<!-- \/ Yoast SEO plugin. -->","yoast_head_json":{"title":"El\u00e9rhet\u0151s\u00e9gek - Transylwine Kft.","description":"Az erd\u00e9lyi Recas pinc\u00e9szet borainak hivatalos magyarorsz\u00e1gi forgalmaz\u00f3j\u00e1t a k\u00f6vetkez\u0151 el\u00e9rhet\u0151s\u00e9geken tudja el\u00e9rni.","robots":{"index":"index","follow":"follow","max-snippet":"max-snippet:-1","max-image-preview":"max-image-preview:large","max-video-preview":"max-video-preview:-1"},"canonical":"http:\/\/transylwine.hu\/index.php\/transylwine-kft\/kapcsolat\/","og_locale":"hu_HU","og_type":"article","og_title":"El\u00e9rhet\u0151s\u00e9gek - Transylwine Kft.","og_description":"Az erd\u00e9lyi Recas pinc\u00e9szet borainak hivatalos magyarorsz\u00e1gi forgalmaz\u00f3j\u00e1t a k\u00f6vetkez\u0151 el\u00e9rhet\u0151s\u00e9geken tudja el\u00e9rni.","og_url":"http:\/\/transylwine.hu\/index.php\/transylwine-kft\/kapcsolat\/","og_site_name":"Transylwine Kft.","article_modified_time":"2024-01-27T16:06:34+00:00","og_image":[{"url":"http:\/\/transylwine.hu\/wp-content\/uploads\/2022\/01\/transylwine-logo-1.png"}],"twitter_misc":{"Becs\u00fclt olvas\u00e1si id\u0151":"1 perc"},"schema":{"@context":"https:\/\/schema.org","@graph":[{"@type":"WebSite","@id":"http:\/\/transylwine.hu\/#website","url":"http:\/\/transylwine.hu\/","name":"Transylwine Kft.","description":"Az erd\u00e9lyi Recas borok magyarorsz\u00e1gi forgalmaz\u00f3ja","potentialAction":[{"@type":"SearchAction","target":{"@type":"EntryPoint","urlTemplate":"http:\/\/transylwine.hu\/?s={search_term_string}"},"query-input":"required name=search_term_string"}],"inLanguage":"hu"},{"@type":"ImageObject","@id":"http:\/\/transylwine.hu\/index.php\/transylwine-kft\/kapcsolat\/#primaryimage","inLanguage":"hu","url":"http:\/\/transylwine.hu\/wp-content\/uploads\/2022\/01\/transylwine-logo-1.png","contentUrl":"http:\/\/transylwine.hu\/wp-content\/uploads\/2022\/01\/transylwine-logo-1.png","width":250,"height":250},{"@type":"WebPage","@id":"http:\/\/transylwine.hu\/index.php\/transylwine-kft\/kapcsolat\/#webpage","url":"http:\/\/transylwine.hu\/index.php\/transylwine-kft\/kapcsolat\/","name":"El\u00e9rhet\u0151s\u00e9gek - Transylwine Kft.","isPartOf":{"@id":"http:\/\/transylwine.hu\/#website"},"primaryImageOfPage":{"@id":"http:\/\/transylwine.hu\/index.php\/transylwine-kft\/kapcsolat\/#primaryimage"},"datePublished":"2012-05-22T13:04:24+00:00","dateModified":"2024-01-27T16:06:34+00:00","description":"Az erd\u00e9lyi Recas pinc\u00e9szet borainak hivatalos magyarorsz\u00e1gi forgalmaz\u00f3j\u00e1t a k\u00f6vetkez\u0151 el\u00e9rhet\u0151s\u00e9geken tudja el\u00e9rni.","breadcrumb":{"@id":"http:\/\/transylwine.hu\/index.php\/transylwine-kft\/kapcsolat\/#breadcrumb"},"inLanguage":"hu","potentialAction":[{"@type":"ReadAction","target":["http:\/\/transylwine.hu\/index.php\/transylwine-kft\/kapcsolat\/"]}]},{"@type":"BreadcrumbList","@id":"http:\/\/transylwine.hu\/index.php\/transylwine-kft\/kapcsolat\/#breadcrumb","itemListElement":[{"@type":"ListItem","position":1,"name":"Home","item":"https:\/\/transylwine.hu\/"},{"@type":"ListItem","position":2,"name":"Transylwine Kft.","item":"https:\/\/transylwine.hu\/index.php\/transylwine-kft\/"},{"@type":"ListItem","position":3,"name":"Kapcsolat"}]}]}},"_links":{"self":[{"href":"http:\/\/transylwine.hu\/index.php\/wp-json\/wp\/v2\/pages\/2"}],"collection":[{"href":"http:\/\/transylwine.hu\/index.php\/wp-json\/wp\/v2\/pages"}],"about":[{"href":"http:\/\/transylwine.hu\/index.php\/wp-json\/wp\/v2\/types\/page"}],"author":[{"embeddable":true,"href":"http:\/\/transylwine.hu\/index.php\/wp-json\/wp\/v2\/users\/1"}],"replies":[{"embeddable":true,"href":"http:\/\/transylwine.hu\/index.php\/wp-json\/wp\/v2\/comments?post=2"}],"version-history":[{"count":77,"href":"http:\/\/transylwine.hu\/index.php\/wp-json\/wp\/v2\/pages\/2\/revisions"}],"predecessor-version":[{"id":3819,"href":"http:\/\/transylwine.hu\/index.php\/wp-json\/wp\/v2\/pages\/2\/revisions\/3819"}],"up":[{"embeddable":true,"href":"http:\/\/transylwine.hu\/index.php\/wp-json\/wp\/v2\/pages\/798"}],"wp:attachment":[{"href":"http:\/\/transylwine.hu\/index.php\/wp-json\/wp\/v2\/media?parent=2"}],"curies":[{"name":"wp","href":"https:\/\/api.w.org\/{rel}","templated":true}]}}